{"id":1854,"date":"2020-06-23T08:08:07","date_gmt":"2020-06-23T08:08:07","guid":{"rendered":"https:\/\/exilarte.org\/?page_id=1854"},"modified":"2022-10-24T11:58:17","modified_gmt":"2022-10-24T09:58:17","slug":"lucia-lajcakova","status":"publish","type":"page","link":"https:\/\/exilarte.org\/en\/team\/lucia-lajcakova","title":{"rendered":"Lucia Laj\u010d\u00e1kov\u00e1"},"content":{"rendered":"\n<figure class=\"wp-block-image size-full\"><img data-attachment-id=\"7361\" data-permalink=\"https:\/\/exilarte.org\/en\/team\/lucia-lajcakova\/neue-ma-quer-1\" data-orig-file=\"https:\/\/i0.wp.com\/exilarte.org\/wp-content\/uploads\/2022\/10\/Neue-MA-quer-1.webp?fit=375%2C264&amp;ssl=1\" data-orig-size=\"375,264\" data-comments-opened=\"0\" data-image-meta=\"{&quot;aperture&quot;:&quot;0&quot;,&quot;credit&quot;:&quot;&quot;,&quot;camera&quot;:&quot;&quot;,&quot;caption&quot;:&quot;&quot;,&quot;created_timestamp&quot;:&quot;0&quot;,&quot;copyright&quot;:&quot;&quot;,&quot;focal_length&quot;:&quot;0&quot;,&quot;iso&quot;:&quot;0&quot;,&quot;shutter_speed&quot;:&quot;0&quot;,&quot;title&quot;:&quot;&quot;,&quot;orientation&quot;:&quot;0&quot;}\" data-image-title=\"Neue-MA-quer-1\" data-image-description=\"\" data-image-caption=\"\" data-medium-file=\"https:\/\/i0.wp.com\/exilarte.org\/wp-content\/uploads\/2022\/10\/Neue-MA-quer-1.webp?fit=375%2C264&amp;ssl=1\" data-large-file=\"https:\/\/i0.wp.com\/exilarte.org\/wp-content\/uploads\/2022\/10\/Neue-MA-quer-1.webp?fit=375%2C264&amp;ssl=1\" loading=\"lazy\" width=\"375\" height=\"264\" src=\"https:\/\/i0.wp.com\/exilarte.org\/wp-content\/uploads\/2022\/10\/Neue-MA-quer-1.webp?resize=375%2C264&#038;ssl=1\" alt=\"\" class=\"wp-image-7361\" data-recalc-dims=\"1\"\/><\/figure>\n\n\n\n<p style=\"font-size:10px\">\u00a9 Katharina Reischl<\/p>\n\n\n\n<p><strong>Lucia Laj\u010d\u00e1kov\u00e1 <\/strong><\/p>\n\n\n\n<p>Lucia Laj\u010d\u00e1kov\u00e1 has been involved in the organization of national and international projects of the exil.arte association since 2008, in particular the processing of applications, budgeting and communication with the grant providers. From 2010 to 2013 she was also responsible for the project management of the bilateral program &#8220;Accentus musicalis&#8221; between Austria and Slovakia. Since 2015 she has been a project assistant at the Exilarte Center of the mdw.<\/p>\n","protected":false},"excerpt":{"rendered":"<p>\u00a9 Katharina Reischl Lucia Laj\u010d\u00e1kov\u00e1 Lucia Laj\u010d\u00e1kov\u00e1 has been involved in the organization of national and international projects of the exil.arte association since 2008, in particular the processing of applications, budgeting and communication with the grant providers. From 2010 to 2013 she was also responsible for the project management of the bilateral program &#8220;Accentus musicalis&#8221;<a class=\"excerpt-read-more\" href=\"https:\/\/exilarte.org\/en\/team\/lucia-lajcakova\" title=\"ReadLucia Laj\u010d\u00e1kov\u00e1\">&#8230; Read more &raquo;<\/a><\/p>\n","protected":false},"author":2,"featured_media":0,"parent":163,"menu_order":0,"comment_status":"closed","ping_status":"closed","template":"","meta":[],"yoast_head":"<!-- This site is optimized with the Yoast SEO plugin v18.3 - https:\/\/yoast.com\/wordpress\/plugins\/seo\/ -->\n<title>Lucia Laj\u010d\u00e1kov\u00e1 - Exilarte<\/title>\n<meta name=\"robots\" content=\"index, follow, max-snippet:-1, max-image-preview:large, max-video-preview:-1\" \/>\n<link rel=\"canonical\" href=\"https:\/\/exilarte.org\/en\/team\/lucia-lajcakova\" \/>\n<meta property=\"og:locale\" content=\"en_US\" \/>\n<meta property=\"og:type\" content=\"article\" \/>\n<meta property=\"og:title\" content=\"Lucia Laj\u010d\u00e1kov\u00e1 - Exilarte\" \/>\n<meta property=\"og:description\" content=\"\u00a9 Katharina Reischl Lucia Laj\u010d\u00e1kov\u00e1 Lucia Laj\u010d\u00e1kov\u00e1 has been involved in the organization of national and international projects of the exil.arte association since 2008, in particular the processing of applications, budgeting and communication with the grant providers. From 2010 to 2013 she was also responsible for the project management of the bilateral program &#8220;Accentus musicalis&#8221;... Read more &raquo;\" \/>\n<meta property=\"og:url\" content=\"https:\/\/exilarte.org\/en\/team\/lucia-lajcakova\" \/>\n<meta property=\"og:site_name\" content=\"Exilarte\" \/>\n<meta property=\"article:modified_time\" content=\"2022-10-24T09:58:17+00:00\" \/>\n<meta property=\"og:image\" content=\"https:\/\/exilarte.org\/wp-content\/uploads\/2022\/10\/Neue-MA-quer-1.webp\" \/>\n<meta name=\"twitter:card\" content=\"summary_large_image\" \/>\n<meta name=\"twitter:label1\" content=\"Est. reading time\" \/>\n\t<meta name=\"twitter:data1\" content=\"1 minute\" \/>\n<script type=\"application\/ld+json\" class=\"yoast-schema-graph\">{\"@context\":\"https:\/\/schema.org\",\"@graph\":[{\"@type\":\"Organization\",\"@id\":\"https:\/\/exilarte.org\/en#organization\",\"name\":\"Exilarte - Zentrum f\u00fcr verfolgte Musik\",\"url\":\"https:\/\/exilarte.org\/en\",\"sameAs\":[],\"logo\":{\"@type\":\"ImageObject\",\"@id\":\"https:\/\/exilarte.org\/en#logo\",\"inLanguage\":\"en-US\",\"url\":\"https:\/\/i1.wp.com\/exilarte.org\/wp-content\/uploads\/2021\/03\/exilarte_logo_2021_de.png?fit=574%2C574&ssl=1\",\"contentUrl\":\"https:\/\/i1.wp.com\/exilarte.org\/wp-content\/uploads\/2021\/03\/exilarte_logo_2021_de.png?fit=574%2C574&ssl=1\",\"width\":574,\"height\":574,\"caption\":\"Exilarte - Zentrum f\u00fcr verfolgte Musik\"},\"image\":{\"@id\":\"https:\/\/exilarte.org\/en#logo\"}},{\"@type\":\"WebSite\",\"@id\":\"https:\/\/exilarte.org\/en#website\",\"url\":\"https:\/\/exilarte.org\/en\",\"name\":\"Exilarte\",\"description\":\"Zentrum f\u00fcr verfolgte Musik\",\"publisher\":{\"@id\":\"https:\/\/exilarte.org\/en#organization\"},\"potentialAction\":[{\"@type\":\"SearchAction\",\"target\":{\"@type\":\"EntryPoint\",\"urlTemplate\":\"https:\/\/exilarte.org\/en?s={search_term_string}\"},\"query-input\":\"required name=search_term_string\"}],\"inLanguage\":\"en-US\"},{\"@type\":\"ImageObject\",\"@id\":\"https:\/\/exilarte.org\/en\/team\/lucia-lajcakova#primaryimage\",\"inLanguage\":\"en-US\",\"url\":\"https:\/\/i0.wp.com\/exilarte.org\/wp-content\/uploads\/2022\/10\/Neue-MA-quer-1.webp?fit=375%2C264&ssl=1\",\"contentUrl\":\"https:\/\/i0.wp.com\/exilarte.org\/wp-content\/uploads\/2022\/10\/Neue-MA-quer-1.webp?fit=375%2C264&ssl=1\",\"width\":375,\"height\":264},{\"@type\":\"WebPage\",\"@id\":\"https:\/\/exilarte.org\/en\/team\/lucia-lajcakova#webpage\",\"url\":\"https:\/\/exilarte.org\/en\/team\/lucia-lajcakova\",\"name\":\"Lucia Laj\u010d\u00e1kov\u00e1 - Exilarte\",\"isPartOf\":{\"@id\":\"https:\/\/exilarte.org\/en#website\"},\"primaryImageOfPage\":{\"@id\":\"https:\/\/exilarte.org\/en\/team\/lucia-lajcakova#primaryimage\"},\"datePublished\":\"2020-06-23T08:08:07+00:00\",\"dateModified\":\"2022-10-24T09:58:17+00:00\",\"breadcrumb\":{\"@id\":\"https:\/\/exilarte.org\/en\/team\/lucia-lajcakova#breadcrumb\"},\"inLanguage\":\"en-US\",\"potentialAction\":[{\"@type\":\"ReadAction\",\"target\":[\"https:\/\/exilarte.org\/en\/team\/lucia-lajcakova\"]}]},{\"@type\":\"BreadcrumbList\",\"@id\":\"https:\/\/exilarte.org\/en\/team\/lucia-lajcakova#breadcrumb\",\"itemListElement\":[{\"@type\":\"ListItem\",\"position\":1,\"name\":\"Startseite\",\"item\":\"https:\/\/exilarte.org\/en\"},{\"@type\":\"ListItem\",\"position\":2,\"name\":\"Meet the team (alt)\",\"item\":\"https:\/\/exilarte.org\/en\/team\"},{\"@type\":\"ListItem\",\"position\":3,\"name\":\"Lucia Laj\u010d\u00e1kov\u00e1\"}]}]}<\/script>\n<!-- \/ Yoast SEO plugin. -->","yoast_head_json":{"title":"Lucia Laj\u010d\u00e1kov\u00e1 - Exilarte","robots":{"index":"index","follow":"follow","max-snippet":"max-snippet:-1","max-image-preview":"max-image-preview:large","max-video-preview":"max-video-preview:-1"},"canonical":"https:\/\/exilarte.org\/en\/team\/lucia-lajcakova","og_locale":"en_US","og_type":"article","og_title":"Lucia Laj\u010d\u00e1kov\u00e1 - Exilarte","og_description":"\u00a9 Katharina Reischl Lucia Laj\u010d\u00e1kov\u00e1 Lucia Laj\u010d\u00e1kov\u00e1 has been involved in the organization of national and international projects of the exil.arte association since 2008, in particular the processing of applications, budgeting and communication with the grant providers. From 2010 to 2013 she was also responsible for the project management of the bilateral program &#8220;Accentus musicalis&#8221;... Read more &raquo;","og_url":"https:\/\/exilarte.org\/en\/team\/lucia-lajcakova","og_site_name":"Exilarte","article_modified_time":"2022-10-24T09:58:17+00:00","og_image":[{"url":"https:\/\/exilarte.org\/wp-content\/uploads\/2022\/10\/Neue-MA-quer-1.webp"}],"twitter_card":"summary_large_image","twitter_misc":{"Est. reading time":"1 minute"},"schema":{"@context":"https:\/\/schema.org","@graph":[{"@type":"Organization","@id":"https:\/\/exilarte.org\/en#organization","name":"Exilarte - Zentrum f\u00fcr verfolgte Musik","url":"https:\/\/exilarte.org\/en","sameAs":[],"logo":{"@type":"ImageObject","@id":"https:\/\/exilarte.org\/en#logo","inLanguage":"en-US","url":"https:\/\/i1.wp.com\/exilarte.org\/wp-content\/uploads\/2021\/03\/exilarte_logo_2021_de.png?fit=574%2C574&ssl=1","contentUrl":"https:\/\/i1.wp.com\/exilarte.org\/wp-content\/uploads\/2021\/03\/exilarte_logo_2021_de.png?fit=574%2C574&ssl=1","width":574,"height":574,"caption":"Exilarte - Zentrum f\u00fcr verfolgte Musik"},"image":{"@id":"https:\/\/exilarte.org\/en#logo"}},{"@type":"WebSite","@id":"https:\/\/exilarte.org\/en#website","url":"https:\/\/exilarte.org\/en","name":"Exilarte","description":"Zentrum f\u00fcr verfolgte Musik","publisher":{"@id":"https:\/\/exilarte.org\/en#organization"},"potentialAction":[{"@type":"SearchAction","target":{"@type":"EntryPoint","urlTemplate":"https:\/\/exilarte.org\/en?s={search_term_string}"},"query-input":"required name=search_term_string"}],"inLanguage":"en-US"},{"@type":"ImageObject","@id":"https:\/\/exilarte.org\/en\/team\/lucia-lajcakova#primaryimage","inLanguage":"en-US","url":"https:\/\/i0.wp.com\/exilarte.org\/wp-content\/uploads\/2022\/10\/Neue-MA-quer-1.webp?fit=375%2C264&ssl=1","contentUrl":"https:\/\/i0.wp.com\/exilarte.org\/wp-content\/uploads\/2022\/10\/Neue-MA-quer-1.webp?fit=375%2C264&ssl=1","width":375,"height":264},{"@type":"WebPage","@id":"https:\/\/exilarte.org\/en\/team\/lucia-lajcakova#webpage","url":"https:\/\/exilarte.org\/en\/team\/lucia-lajcakova","name":"Lucia Laj\u010d\u00e1kov\u00e1 - Exilarte","isPartOf":{"@id":"https:\/\/exilarte.org\/en#website"},"primaryImageOfPage":{"@id":"https:\/\/exilarte.org\/en\/team\/lucia-lajcakova#primaryimage"},"datePublished":"2020-06-23T08:08:07+00:00","dateModified":"2022-10-24T09:58:17+00:00","breadcrumb":{"@id":"https:\/\/exilarte.org\/en\/team\/lucia-lajcakova#breadcrumb"},"inLanguage":"en-US","potentialAction":[{"@type":"ReadAction","target":["https:\/\/exilarte.org\/en\/team\/lucia-lajcakova"]}]},{"@type":"BreadcrumbList","@id":"https:\/\/exilarte.org\/en\/team\/lucia-lajcakova#breadcrumb","itemListElement":[{"@type":"ListItem","position":1,"name":"Startseite","item":"https:\/\/exilarte.org\/en"},{"@type":"ListItem","position":2,"name":"Meet the team (alt)","item":"https:\/\/exilarte.org\/en\/team"},{"@type":"ListItem","position":3,"name":"Lucia Laj\u010d\u00e1kov\u00e1"}]}]}},"featured_image_src":null,"featured_image_src_square":null,"_links":{"self":[{"href":"https:\/\/exilarte.org\/en\/wp-json\/wp\/v2\/pages\/1854"}],"collection":[{"href":"https:\/\/exilarte.org\/en\/wp-json\/wp\/v2\/pages"}],"about":[{"href":"https:\/\/exilarte.org\/en\/wp-json\/wp\/v2\/types\/page"}],"author":[{"embeddable":true,"href":"https:\/\/exilarte.org\/en\/wp-json\/wp\/v2\/users\/2"}],"replies":[{"embeddable":true,"href":"https:\/\/exilarte.org\/en\/wp-json\/wp\/v2\/comments?post=1854"}],"version-history":[{"count":6,"href":"https:\/\/exilarte.org\/en\/wp-json\/wp\/v2\/pages\/1854\/revisions"}],"predecessor-version":[{"id":7363,"href":"https:\/\/exilarte.org\/en\/wp-json\/wp\/v2\/pages\/1854\/revisions\/7363"}],"up":[{"embeddable":true,"href":"https:\/\/exilarte.org\/en\/wp-json\/wp\/v2\/pages\/163"}],"wp:attachment":[{"href":"https:\/\/exilarte.org\/en\/wp-json\/wp\/v2\/media?parent=1854"}],"curies":[{"name":"wp","href":"https:\/\/api.w.org\/{rel}","templated":true}]}}