{"id":2013,"date":"2020-08-12T12:25:41","date_gmt":"2020-08-12T12:25:41","guid":{"rendered":"https:\/\/exilarte.org\/?page_id=2013"},"modified":"2022-09-06T11:25:32","modified_gmt":"2022-09-06T09:25:32","slug":"kiepura-and-eggerth","status":"publish","type":"page","link":"https:\/\/exilarte.org\/en\/ausstellung\/kiepura-and-eggerth","title":{"rendered":"Eggerth and Kiepura"},"content":{"rendered":"\n<h2>My Song For You &#8211; Marta Eggerth and Jan Kiepura Between Two Worlds<\/h2>\n\n\n\n<p>October 2020 &#8211; May 2022<\/p>\n\n\n\n<p><a href=\"https:\/\/ausstellungen.exilarte.org\/kiepura_eggerth_2022\/index.html\" target=\"_blank\" rel=\"noreferrer noopener\">Now as Virtual Reality 360\u00b0 Tour<\/a><\/p>\n\n\n\n<figure class=\"wp-block-image size-large\"><img data-attachment-id=\"2000\" data-permalink=\"https:\/\/exilarte.org\/en\/ausstellung\/kiepura-and-eggerth\/give-us-this-night-jan-with-marta-eggerth-on-location-header-2\" data-orig-file=\"https:\/\/i0.wp.com\/exilarte.org\/wp-content\/uploads\/2020\/08\/Give-Us-This-Night-Jan-with-Marta-Eggerth-on-location-Header.jpg?fit=2076%2C1274&amp;ssl=1\" data-orig-size=\"2076,1274\" data-comments-opened=\"0\" data-image-meta=\"{&quot;aperture&quot;:&quot;0&quot;,&quot;credit&quot;:&quot;&quot;,&quot;camera&quot;:&quot;&quot;,&quot;caption&quot;:&quot;&quot;,&quot;created_timestamp&quot;:&quot;0&quot;,&quot;copyright&quot;:&quot;&quot;,&quot;focal_length&quot;:&quot;0&quot;,&quot;iso&quot;:&quot;0&quot;,&quot;shutter_speed&quot;:&quot;0&quot;,&quot;title&quot;:&quot;&quot;,&quot;orientation&quot;:&quot;0&quot;}\" data-image-title=\"Give-Us-This-Night-Jan-with-Marta-Eggerth-on-location-Header\" data-image-description=\"\" data-image-caption=\"\" data-medium-file=\"https:\/\/i0.wp.com\/exilarte.org\/wp-content\/uploads\/2020\/08\/Give-Us-This-Night-Jan-with-Marta-Eggerth-on-location-Header.jpg?fit=300%2C184&amp;ssl=1\" data-large-file=\"https:\/\/i0.wp.com\/exilarte.org\/wp-content\/uploads\/2020\/08\/Give-Us-This-Night-Jan-with-Marta-Eggerth-on-location-Header.jpg?fit=1024%2C628&amp;ssl=1\" loading=\"lazy\" width=\"1024\" height=\"628\" src=\"https:\/\/i0.wp.com\/exilarte.org\/wp-content\/uploads\/2020\/08\/Give-Us-This-Night-Jan-with-Marta-Eggerth-on-location-Header.jpg?resize=1024%2C628&#038;ssl=1\" alt=\"\" class=\"wp-image-2000\" srcset=\"https:\/\/i0.wp.com\/exilarte.org\/wp-content\/uploads\/2020\/08\/Give-Us-This-Night-Jan-with-Marta-Eggerth-on-location-Header.jpg?resize=1024%2C628&amp;ssl=1 1024w, https:\/\/i0.wp.com\/exilarte.org\/wp-content\/uploads\/2020\/08\/Give-Us-This-Night-Jan-with-Marta-Eggerth-on-location-Header.jpg?resize=300%2C184&amp;ssl=1 300w, https:\/\/i0.wp.com\/exilarte.org\/wp-content\/uploads\/2020\/08\/Give-Us-This-Night-Jan-with-Marta-Eggerth-on-location-Header.jpg?resize=768%2C471&amp;ssl=1 768w, https:\/\/i0.wp.com\/exilarte.org\/wp-content\/uploads\/2020\/08\/Give-Us-This-Night-Jan-with-Marta-Eggerth-on-location-Header.jpg?resize=1536%2C943&amp;ssl=1 1536w, https:\/\/i0.wp.com\/exilarte.org\/wp-content\/uploads\/2020\/08\/Give-Us-This-Night-Jan-with-Marta-Eggerth-on-location-Header.jpg?resize=2048%2C1257&amp;ssl=1 2048w\" sizes=\"(max-width: 1024px) 100vw, 1024px\" data-recalc-dims=\"1\" \/><\/figure>\n\n\n\n<figure class=\"wp-block-embed is-type-video is-provider-youtube wp-block-embed-youtube wp-embed-aspect-16-9 wp-has-aspect-ratio\"><div class=\"wp-block-embed__wrapper\">\n<iframe loading=\"lazy\" title=\"Making-of | My Song For You \u2013 Marta Eggerth and Jan Kiepura Between Two Worlds\" width=\"1200\" height=\"675\" src=\"https:\/\/www.youtube.com\/embed\/No4JgUf6I9o?feature=oembed\" frameborder=\"0\" allow=\"accelerometer; autoplay; clipboard-write; encrypted-media; gyroscope; picture-in-picture\" allowfullscreen><\/iframe>\n<\/div><\/figure>\n\n\n\n<figure class=\"wp-block-embed is-type-video is-provider-youtube wp-block-embed-youtube wp-embed-aspect-16-9 wp-has-aspect-ratio\"><div class=\"wp-block-embed__wrapper\">\n<iframe loading=\"lazy\" title=\"Guided Tour | My Song For You \u2013 Marta Eggerth and Jan Kiepura Between Two Worlds (English)\" width=\"1200\" height=\"675\" src=\"https:\/\/www.youtube.com\/embed\/xqSzttQUGiw?feature=oembed\" frameborder=\"0\" allow=\"accelerometer; autoplay; clipboard-write; encrypted-media; gyroscope; picture-in-picture\" allowfullscreen><\/iframe>\n<\/div><\/figure>\n\n\n\n<p><\/p>\n\n\n\n<p><\/p>\n\n\n\n<p><\/p>\n\n\n\n<p>Who does not know them: Marta Eggerth and Jan Kiepura, the dream couple in film, opera and operetta &#8211; the superstars of the mid-20th century? Their voices inspired the masses, interwove the genres and converted people to opera and operetta at a time when they had long been thought to be at their end. Their performances were always an event for the media as well as for politics. One could not escape the charisma and glamour of the two. Marta Eggerth and Jan Kiepura have enchanted and seduced people on both sides of the Atlantic. Their unique timbre still moves today.&nbsp;<\/p>\n\n\n\n<h3>Viennese flair in New York<\/h3>\n\n\n\n<blockquote class=\"wp-block-quote has-text-align-left\"><p>One could not escape the charisma and glamour of the two. Marta Eggerth and Jan Kiepura have enchanted and seduced people on both sides of the Atlantic.<\/p><\/blockquote>\n\n\n\n<p>Nonetheless, after the &#8220;Anschluss&#8221; by Nazi Germany in 1938, they were forced to turn their backs on Austria, which the Hungarian soprano and Polish tenor had chosen as their new home. Jan Kiepura had gone to New York in February 1938 for an engagement at the Metropolitan Opera, but when they appeared in Paris in September 1939 (during the days of the invasion of Poland and the beginning of the Second World War), the two had to realize that a return to Vienna was out of the question. Nevertheless, they took with them the vanished Austria and the Viennese flair to New York.&nbsp;<\/p>\n\n\n\n<div style=\"height:32px\" aria-hidden=\"true\" class=\"wp-block-spacer\"><\/div>\n\n\n\n<figure data-carousel-extra='{\"blog_id\":1,\"permalink\":\"https:\\\/\\\/exilarte.org\\\/en\\\/ausstellung\\\/kiepura-and-eggerth\"}'  class=\"wp-block-gallery columns-3 is-cropped\"><ul class=\"blocks-gallery-grid\"><li class=\"blocks-gallery-item\"><figure><a href=\"https:\/\/i0.wp.com\/exilarte.org\/wp-content\/uploads\/2020\/08\/Hollywood-Bowl-Rehearsal-Jan-Kiepura-Korngold-1941.jpg?ssl=1\"><img loading=\"lazy\" width=\"647\" height=\"1024\" src=\"https:\/\/i0.wp.com\/exilarte.org\/wp-content\/uploads\/2020\/08\/Hollywood-Bowl-Rehearsal-Jan-Kiepura-Korngold-1941.jpg?resize=647%2C1024&#038;ssl=1\" alt=\"\" data-id=\"2001\" data-full-url=\"https:\/\/exilarte.org\/wp-content\/uploads\/2020\/08\/Hollywood-Bowl-Rehearsal-Jan-Kiepura-Korngold-1941.jpg\" data-link=\"https:\/\/exilarte.org\/ausstellung\/kiepura-und-eggerth\/hollywood-bowl-rehearsal-jan-kiepura-korngold-1941-2\" class=\"wp-image-2002\" srcset=\"https:\/\/i0.wp.com\/exilarte.org\/wp-content\/uploads\/2020\/08\/Hollywood-Bowl-Rehearsal-Jan-Kiepura-Korngold-1941.jpg?resize=647%2C1024&amp;ssl=1 647w, https:\/\/i0.wp.com\/exilarte.org\/wp-content\/uploads\/2020\/08\/Hollywood-Bowl-Rehearsal-Jan-Kiepura-Korngold-1941.jpg?resize=190%2C300&amp;ssl=1 190w, https:\/\/i0.wp.com\/exilarte.org\/wp-content\/uploads\/2020\/08\/Hollywood-Bowl-Rehearsal-Jan-Kiepura-Korngold-1941.jpg?resize=768%2C1215&amp;ssl=1 768w, https:\/\/i0.wp.com\/exilarte.org\/wp-content\/uploads\/2020\/08\/Hollywood-Bowl-Rehearsal-Jan-Kiepura-Korngold-1941.jpg?resize=971%2C1536&amp;ssl=1 971w, https:\/\/i0.wp.com\/exilarte.org\/wp-content\/uploads\/2020\/08\/Hollywood-Bowl-Rehearsal-Jan-Kiepura-Korngold-1941.jpg?resize=1294%2C2048&amp;ssl=1 1294w, https:\/\/i0.wp.com\/exilarte.org\/wp-content\/uploads\/2020\/08\/Hollywood-Bowl-Rehearsal-Jan-Kiepura-Korngold-1941.jpg?w=1500&amp;ssl=1 1500w\" sizes=\"(max-width: 647px) 100vw, 647px\" data-recalc-dims=\"1\" \/><\/a><\/figure><\/li><li class=\"blocks-gallery-item\"><figure><a href=\"https:\/\/i0.wp.com\/exilarte.org\/wp-content\/uploads\/2020\/08\/Korngold-Family-Jan-Kiepura-Tilly-Eggerth-1936-photo-by-Marta.jpg?ssl=1\"><img loading=\"lazy\" width=\"821\" height=\"1024\" src=\"https:\/\/i0.wp.com\/exilarte.org\/wp-content\/uploads\/2020\/08\/Korngold-Family-Jan-Kiepura-Tilly-Eggerth-1936-photo-by-Marta.jpg?resize=821%2C1024&#038;ssl=1\" alt=\"\" data-id=\"2005\" data-full-url=\"https:\/\/exilarte.org\/wp-content\/uploads\/2020\/08\/Korngold-Family-Jan-Kiepura-Tilly-Eggerth-1936-photo-by-Marta.jpg\" data-link=\"https:\/\/exilarte.org\/ausstellung\/kiepura-und-eggerth\/korngold-family-jan-kiepura-tilly-eggerth-1936-photo-by-marta-2\" class=\"wp-image-2006\" srcset=\"https:\/\/i0.wp.com\/exilarte.org\/wp-content\/uploads\/2020\/08\/Korngold-Family-Jan-Kiepura-Tilly-Eggerth-1936-photo-by-Marta.jpg?resize=821%2C1024&amp;ssl=1 821w, https:\/\/i0.wp.com\/exilarte.org\/wp-content\/uploads\/2020\/08\/Korngold-Family-Jan-Kiepura-Tilly-Eggerth-1936-photo-by-Marta.jpg?resize=241%2C300&amp;ssl=1 241w, https:\/\/i0.wp.com\/exilarte.org\/wp-content\/uploads\/2020\/08\/Korngold-Family-Jan-Kiepura-Tilly-Eggerth-1936-photo-by-Marta.jpg?resize=768%2C958&amp;ssl=1 768w, https:\/\/i0.wp.com\/exilarte.org\/wp-content\/uploads\/2020\/08\/Korngold-Family-Jan-Kiepura-Tilly-Eggerth-1936-photo-by-Marta.jpg?resize=1231%2C1536&amp;ssl=1 1231w, https:\/\/i0.wp.com\/exilarte.org\/wp-content\/uploads\/2020\/08\/Korngold-Family-Jan-Kiepura-Tilly-Eggerth-1936-photo-by-Marta.jpg?w=1500&amp;ssl=1 1500w\" sizes=\"(max-width: 821px) 100vw, 821px\" data-recalc-dims=\"1\" \/><\/a><\/figure><\/li><li class=\"blocks-gallery-item\"><figure><a href=\"https:\/\/i0.wp.com\/exilarte.org\/wp-content\/uploads\/2020\/08\/Konzert-Program-1927-Jan-Kiepura.jpg?ssl=1\"><img loading=\"lazy\" width=\"730\" height=\"1024\" src=\"https:\/\/i0.wp.com\/exilarte.org\/wp-content\/uploads\/2020\/08\/Konzert-Program-1927-Jan-Kiepura.jpg?resize=730%2C1024&#038;ssl=1\" alt=\"\" data-id=\"2003\" data-full-url=\"https:\/\/exilarte.org\/wp-content\/uploads\/2020\/08\/Konzert-Program-1927-Jan-Kiepura.jpg\" data-link=\"https:\/\/exilarte.org\/ausstellung\/kiepura-und-eggerth\/konzert-program-1927-jan-kiepura-2\" class=\"wp-image-2004\" srcset=\"https:\/\/i0.wp.com\/exilarte.org\/wp-content\/uploads\/2020\/08\/Konzert-Program-1927-Jan-Kiepura.jpg?resize=730%2C1024&amp;ssl=1 730w, https:\/\/i0.wp.com\/exilarte.org\/wp-content\/uploads\/2020\/08\/Konzert-Program-1927-Jan-Kiepura.jpg?resize=214%2C300&amp;ssl=1 214w, https:\/\/i0.wp.com\/exilarte.org\/wp-content\/uploads\/2020\/08\/Konzert-Program-1927-Jan-Kiepura.jpg?resize=768%2C1077&amp;ssl=1 768w, https:\/\/i0.wp.com\/exilarte.org\/wp-content\/uploads\/2020\/08\/Konzert-Program-1927-Jan-Kiepura.jpg?resize=1096%2C1536&amp;ssl=1 1096w, https:\/\/i0.wp.com\/exilarte.org\/wp-content\/uploads\/2020\/08\/Konzert-Program-1927-Jan-Kiepura.jpg?resize=1461%2C2048&amp;ssl=1 1461w, https:\/\/i0.wp.com\/exilarte.org\/wp-content\/uploads\/2020\/08\/Konzert-Program-1927-Jan-Kiepura.jpg?w=1500&amp;ssl=1 1500w\" sizes=\"(max-width: 730px) 100vw, 730px\" data-recalc-dims=\"1\" \/><\/a><\/figure><\/li><\/ul><\/figure>\n\n\n\n<h3>The exhibition \u201eMy Song for You&#8221;<\/h3>\n\n\n\n<p>Their fate was shared by countless artists, librettists, composers and musicians. Many followed them into exile, but many were also arrested, imprisoned and murdered &#8211; many of them fell into oblivion. The exhibition \u201eMy Song for You&#8221; displays the stage and film careers as well as the musical legacy of the dream couple Kiepura\/Eggerth, but also points out the fates of many of the couple&#8217;s friends, companions and colleagues who accompanied their performances and stage life and who were denied a place in the collective memory by National Socialism.&nbsp;<\/p>\n\n\n\n<p>The exhibition also focuses on Paul Abraham, Carl Alwin, Ralph Benatzky, Robert Gilbert, Fritz Gr\u00fcnbaum, Maria Jeritza, Emmerich and Charles K\u00e1lman, Erich Wolfgang Korngold, Lotte Lehmann, Fritz L\u00f6hner-Beda, Paul Morgan, Artur Rubinstein, Mischa Spoliansky, Billy Wilder and about 100 other people.<\/p>\n\n\n\n<p>Curator: Dr. Susanne Korbel<\/p>\n\n\n\n<p>Exhibition Architect: Checo Sterneck<\/p>\n","protected":false},"excerpt":{"rendered":"<p>My Song For You &#8211; Marta Eggerth and Jan Kiepura Between Two Worlds October 2020 &#8211; May 2022 Now as Virtual Reality 360\u00b0 Tour Who does not know them: Marta Eggerth and Jan Kiepura, the dream couple in film, opera and operetta &#8211; the superstars of the mid-20th century? Their voices inspired the masses, interwove<a class=\"excerpt-read-more\" href=\"https:\/\/exilarte.org\/en\/ausstellung\/kiepura-and-eggerth\" title=\"ReadEggerth and Kiepura\">&#8230; Read more &raquo;<\/a><\/p>\n","protected":false},"author":2,"featured_media":0,"parent":191,"menu_order":0,"comment_status":"closed","ping_status":"closed","template":"","meta":[],"yoast_head":"<!-- This site is optimized with the Yoast SEO plugin v18.3 - https:\/\/yoast.com\/wordpress\/plugins\/seo\/ -->\n<title>Eggerth and Kiepura - Exilarte<\/title>\n<meta name=\"robots\" content=\"index, follow, max-snippet:-1, max-image-preview:large, max-video-preview:-1\" \/>\n<link rel=\"canonical\" href=\"https:\/\/exilarte.org\/en\/ausstellung\/kiepura-and-eggerth\" \/>\n<meta property=\"og:locale\" content=\"en_US\" \/>\n<meta property=\"og:type\" content=\"article\" \/>\n<meta property=\"og:title\" content=\"Eggerth and Kiepura - Exilarte\" \/>\n<meta property=\"og:description\" content=\"My Song For You &#8211; Marta Eggerth and Jan Kiepura Between Two Worlds October 2020 &#8211; May 2022 Now as Virtual Reality 360\u00b0 Tour Who does not know them: Marta Eggerth and Jan Kiepura, the dream couple in film, opera and operetta &#8211; the superstars of the mid-20th century? Their voices inspired the masses, interwove... Read more &raquo;\" \/>\n<meta property=\"og:url\" content=\"https:\/\/exilarte.org\/en\/ausstellung\/kiepura-and-eggerth\" \/>\n<meta property=\"og:site_name\" content=\"Exilarte\" \/>\n<meta property=\"article:modified_time\" content=\"2022-09-06T09:25:32+00:00\" \/>\n<meta property=\"og:image\" content=\"https:\/\/exilarte.org\/wp-content\/uploads\/2020\/08\/Give-Us-This-Night-Jan-with-Marta-Eggerth-on-location-Header-1024x628.jpg\" \/>\n<meta name=\"twitter:card\" content=\"summary_large_image\" \/>\n<meta name=\"twitter:label1\" content=\"Est. reading time\" \/>\n\t<meta name=\"twitter:data1\" content=\"4 minutes\" \/>\n<script type=\"application\/ld+json\" class=\"yoast-schema-graph\">{\"@context\":\"https:\/\/schema.org\",\"@graph\":[{\"@type\":\"Organization\",\"@id\":\"https:\/\/exilarte.org\/en#organization\",\"name\":\"Exilarte - Zentrum f\u00fcr verfolgte Musik\",\"url\":\"https:\/\/exilarte.org\/en\",\"sameAs\":[],\"logo\":{\"@type\":\"ImageObject\",\"@id\":\"https:\/\/exilarte.org\/en#logo\",\"inLanguage\":\"en-US\",\"url\":\"https:\/\/i1.wp.com\/exilarte.org\/wp-content\/uploads\/2021\/03\/exilarte_logo_2021_de.png?fit=574%2C574&ssl=1\",\"contentUrl\":\"https:\/\/i1.wp.com\/exilarte.org\/wp-content\/uploads\/2021\/03\/exilarte_logo_2021_de.png?fit=574%2C574&ssl=1\",\"width\":574,\"height\":574,\"caption\":\"Exilarte - Zentrum f\u00fcr verfolgte Musik\"},\"image\":{\"@id\":\"https:\/\/exilarte.org\/en#logo\"}},{\"@type\":\"WebSite\",\"@id\":\"https:\/\/exilarte.org\/en#website\",\"url\":\"https:\/\/exilarte.org\/en\",\"name\":\"Exilarte\",\"description\":\"Zentrum f\u00fcr verfolgte Musik\",\"publisher\":{\"@id\":\"https:\/\/exilarte.org\/en#organization\"},\"potentialAction\":[{\"@type\":\"SearchAction\",\"target\":{\"@type\":\"EntryPoint\",\"urlTemplate\":\"https:\/\/exilarte.org\/en?s={search_term_string}\"},\"query-input\":\"required name=search_term_string\"}],\"inLanguage\":\"en-US\"},{\"@type\":\"ImageObject\",\"@id\":\"https:\/\/exilarte.org\/en\/ausstellung\/kiepura-and-eggerth#primaryimage\",\"inLanguage\":\"en-US\",\"url\":\"https:\/\/i0.wp.com\/exilarte.org\/wp-content\/uploads\/2020\/08\/Give-Us-This-Night-Jan-with-Marta-Eggerth-on-location-Header.jpg?fit=2076%2C1274&ssl=1\",\"contentUrl\":\"https:\/\/i0.wp.com\/exilarte.org\/wp-content\/uploads\/2020\/08\/Give-Us-This-Night-Jan-with-Marta-Eggerth-on-location-Header.jpg?fit=2076%2C1274&ssl=1\",\"width\":2076,\"height\":1274},{\"@type\":\"WebPage\",\"@id\":\"https:\/\/exilarte.org\/en\/ausstellung\/kiepura-and-eggerth#webpage\",\"url\":\"https:\/\/exilarte.org\/en\/ausstellung\/kiepura-and-eggerth\",\"name\":\"Eggerth and Kiepura - Exilarte\",\"isPartOf\":{\"@id\":\"https:\/\/exilarte.org\/en#website\"},\"primaryImageOfPage\":{\"@id\":\"https:\/\/exilarte.org\/en\/ausstellung\/kiepura-and-eggerth#primaryimage\"},\"datePublished\":\"2020-08-12T12:25:41+00:00\",\"dateModified\":\"2022-09-06T09:25:32+00:00\",\"breadcrumb\":{\"@id\":\"https:\/\/exilarte.org\/en\/ausstellung\/kiepura-and-eggerth#breadcrumb\"},\"inLanguage\":\"en-US\",\"potentialAction\":[{\"@type\":\"ReadAction\",\"target\":[\"https:\/\/exilarte.org\/en\/ausstellung\/kiepura-and-eggerth\"]}]},{\"@type\":\"BreadcrumbList\",\"@id\":\"https:\/\/exilarte.org\/en\/ausstellung\/kiepura-and-eggerth#breadcrumb\",\"itemListElement\":[{\"@type\":\"ListItem\",\"position\":1,\"name\":\"Startseite\",\"item\":\"https:\/\/exilarte.org\/en\"},{\"@type\":\"ListItem\",\"position\":2,\"name\":\"Exhibitions | Overview\",\"item\":\"https:\/\/exilarte.org\/en\/ausstellung\"},{\"@type\":\"ListItem\",\"position\":3,\"name\":\"Eggerth and Kiepura\"}]}]}<\/script>\n<!-- \/ Yoast SEO plugin. -->","yoast_head_json":{"title":"Eggerth and Kiepura - Exilarte","robots":{"index":"index","follow":"follow","max-snippet":"max-snippet:-1","max-image-preview":"max-image-preview:large","max-video-preview":"max-video-preview:-1"},"canonical":"https:\/\/exilarte.org\/en\/ausstellung\/kiepura-and-eggerth","og_locale":"en_US","og_type":"article","og_title":"Eggerth and Kiepura - Exilarte","og_description":"My Song For You &#8211; Marta Eggerth and Jan Kiepura Between Two Worlds October 2020 &#8211; May 2022 Now as Virtual Reality 360\u00b0 Tour Who does not know them: Marta Eggerth and Jan Kiepura, the dream couple in film, opera and operetta &#8211; the superstars of the mid-20th century? Their voices inspired the masses, interwove... Read more &raquo;","og_url":"https:\/\/exilarte.org\/en\/ausstellung\/kiepura-and-eggerth","og_site_name":"Exilarte","article_modified_time":"2022-09-06T09:25:32+00:00","og_image":[{"url":"https:\/\/exilarte.org\/wp-content\/uploads\/2020\/08\/Give-Us-This-Night-Jan-with-Marta-Eggerth-on-location-Header-1024x628.jpg"}],"twitter_card":"summary_large_image","twitter_misc":{"Est. reading time":"4 minutes"},"schema":{"@context":"https:\/\/schema.org","@graph":[{"@type":"Organization","@id":"https:\/\/exilarte.org\/en#organization","name":"Exilarte - Zentrum f\u00fcr verfolgte Musik","url":"https:\/\/exilarte.org\/en","sameAs":[],"logo":{"@type":"ImageObject","@id":"https:\/\/exilarte.org\/en#logo","inLanguage":"en-US","url":"https:\/\/i1.wp.com\/exilarte.org\/wp-content\/uploads\/2021\/03\/exilarte_logo_2021_de.png?fit=574%2C574&ssl=1","contentUrl":"https:\/\/i1.wp.com\/exilarte.org\/wp-content\/uploads\/2021\/03\/exilarte_logo_2021_de.png?fit=574%2C574&ssl=1","width":574,"height":574,"caption":"Exilarte - Zentrum f\u00fcr verfolgte Musik"},"image":{"@id":"https:\/\/exilarte.org\/en#logo"}},{"@type":"WebSite","@id":"https:\/\/exilarte.org\/en#website","url":"https:\/\/exilarte.org\/en","name":"Exilarte","description":"Zentrum f\u00fcr verfolgte Musik","publisher":{"@id":"https:\/\/exilarte.org\/en#organization"},"potentialAction":[{"@type":"SearchAction","target":{"@type":"EntryPoint","urlTemplate":"https:\/\/exilarte.org\/en?s={search_term_string}"},"query-input":"required name=search_term_string"}],"inLanguage":"en-US"},{"@type":"ImageObject","@id":"https:\/\/exilarte.org\/en\/ausstellung\/kiepura-and-eggerth#primaryimage","inLanguage":"en-US","url":"https:\/\/i0.wp.com\/exilarte.org\/wp-content\/uploads\/2020\/08\/Give-Us-This-Night-Jan-with-Marta-Eggerth-on-location-Header.jpg?fit=2076%2C1274&ssl=1","contentUrl":"https:\/\/i0.wp.com\/exilarte.org\/wp-content\/uploads\/2020\/08\/Give-Us-This-Night-Jan-with-Marta-Eggerth-on-location-Header.jpg?fit=2076%2C1274&ssl=1","width":2076,"height":1274},{"@type":"WebPage","@id":"https:\/\/exilarte.org\/en\/ausstellung\/kiepura-and-eggerth#webpage","url":"https:\/\/exilarte.org\/en\/ausstellung\/kiepura-and-eggerth","name":"Eggerth and Kiepura - Exilarte","isPartOf":{"@id":"https:\/\/exilarte.org\/en#website"},"primaryImageOfPage":{"@id":"https:\/\/exilarte.org\/en\/ausstellung\/kiepura-and-eggerth#primaryimage"},"datePublished":"2020-08-12T12:25:41+00:00","dateModified":"2022-09-06T09:25:32+00:00","breadcrumb":{"@id":"https:\/\/exilarte.org\/en\/ausstellung\/kiepura-and-eggerth#breadcrumb"},"inLanguage":"en-US","potentialAction":[{"@type":"ReadAction","target":["https:\/\/exilarte.org\/en\/ausstellung\/kiepura-and-eggerth"]}]},{"@type":"BreadcrumbList","@id":"https:\/\/exilarte.org\/en\/ausstellung\/kiepura-and-eggerth#breadcrumb","itemListElement":[{"@type":"ListItem","position":1,"name":"Startseite","item":"https:\/\/exilarte.org\/en"},{"@type":"ListItem","position":2,"name":"Exhibitions | Overview","item":"https:\/\/exilarte.org\/en\/ausstellung"},{"@type":"ListItem","position":3,"name":"Eggerth and Kiepura"}]}]}},"featured_image_src":null,"featured_image_src_square":null,"_links":{"self":[{"href":"https:\/\/exilarte.org\/en\/wp-json\/wp\/v2\/pages\/2013"}],"collection":[{"href":"https:\/\/exilarte.org\/en\/wp-json\/wp\/v2\/pages"}],"about":[{"href":"https:\/\/exilarte.org\/en\/wp-json\/wp\/v2\/types\/page"}],"author":[{"embeddable":true,"href":"https:\/\/exilarte.org\/en\/wp-json\/wp\/v2\/users\/2"}],"replies":[{"embeddable":true,"href":"https:\/\/exilarte.org\/en\/wp-json\/wp\/v2\/comments?post=2013"}],"version-history":[{"count":41,"href":"https:\/\/exilarte.org\/en\/wp-json\/wp\/v2\/pages\/2013\/revisions"}],"predecessor-version":[{"id":7173,"href":"https:\/\/exilarte.org\/en\/wp-json\/wp\/v2\/pages\/2013\/revisions\/7173"}],"up":[{"embeddable":true,"href":"https:\/\/exilarte.org\/en\/wp-json\/wp\/v2\/pages\/191"}],"wp:attachment":[{"href":"https:\/\/exilarte.org\/en\/wp-json\/wp\/v2\/media?parent=2013"}],"curies":[{"name":"wp","href":"https:\/\/api.w.org\/{rel}","templated":true}]}}