{"id":265,"date":"2019-06-09T11:12:09","date_gmt":"2019-06-09T11:12:09","guid":{"rendered":"https:\/\/exilarte.org\/?page_id=265"},"modified":"2021-03-09T12:59:21","modified_gmt":"2021-03-09T12:59:21","slug":"datenschutzerklarung","status":"publish","type":"page","link":"https:\/\/exilarte.org\/en\/datenschutzerklarung","title":{"rendered":"Datenschutzerkl\u00e4rung"},"content":{"rendered":"\n<h3 id=\"heading_Erklaerung_zur_Informationspflicht_2\">Erkl\u00e4rung zur Informationspflicht<\/h3>\n\n\n\n<p>Der\n Schutz Ihrer pers\u00f6nlichen Daten ist uns ein besonderes Anliegen. Wir \nverarbeiten Ihre Daten daher ausschlie\u00dflich auf Grundlage der \ngesetzlichen Bestimmungen (DSGVO, TKG 2003). In diesen \nDatenschutzinformationen informieren wir Sie \u00fcber die wichtigsten \nAspekte der Datenverarbeitung im Rahmen unserer Website.&nbsp;<\/p>\n\n\n\n<h4 id=\"heading_Kontakt_mit_uns\">Kontakt mit uns<\/h4>\n\n\n\n<p>Wenn\n Sie per Formular auf der Website oder per E-Mail Kontakt mit uns \naufnehmen, werden Ihre angegebenen Daten zwecks Bearbeitung der Anfrage \nund f\u00fcr den Fall von Anschlussfragen sechs Monate bei uns gespeichert. \nDiese Daten geben wir nicht ohne Ihre Einwilligung weiter.&nbsp;<\/p>\n\n\n\n<h4 id=\"heading_Cookies\">Cookies<\/h4>\n\n\n\n<p>Unsere\n Website verwendet so genannte Cookies. Dabei handelt es sich um kleine \nTextdateien, die mit Hilfe des Browsers auf Ihrem Endger\u00e4t abgelegt \nwerden. Sie richten keinen Schaden an. <\/p>\n\n\n\n<p>Wir nutzen Cookies dazu, \nunser Angebot nutzerfreundlich zu gestalten. Einige Cookies bleiben auf \nIhrem Endger\u00e4t gespeichert, bis Sie diese l\u00f6schen. Sie erm\u00f6glichen es \nuns, Ihren Browser beim n\u00e4chsten Besuch wiederzuerkennen.<\/p>\n\n\n\n<p>Wenn Sie\n dies nicht w\u00fcnschen, so k\u00f6nnen Sie Ihren Browser so einrichten, dass er\n Sie \u00fcber das Setzen von Cookies informiert und Sie dies nur im \nEinzelfall erlauben. <\/p>\n\n\n\n<p>Bei der Deaktivierung von Cookies kann die Funktionalit\u00e4t unserer Website eingeschr\u00e4nkt sein.<\/p>\n\n\n\n<h4 id=\"heading_Newsletter\">Newsletter<\/h4>\n\n\n\n<p>Sie \nhaben die M\u00f6glichkeit, \u00fcber unsere Website unseren Newsletter zu \nabonnieren. Hierf\u00fcr ben\u00f6tigen wir Ihre E-Mail-Adresse und ihre \nErkl\u00e4rung, dass Sie mit dem Bezug des Newsletters einverstanden sind.<\/p>\n\n\n\n<p>Sobald Sie sich f\u00fcr den Newsletter angemeldet haben, senden wir Ihnen  ein Best\u00e4tigungs-E-Mail mit einem Link zur Best\u00e4tigung der Anmeldung.<\/p>\n\n\n\n<p>Das Abo des Newsletters k\u00f6nnen Sie jederzeit stornieren. Senden Sie Ihre Stornierung bitte an folgende E-Mail-Adresse: <em>info@exilarte.org<\/em>.  Wir l\u00f6schen anschlie\u00dfend umgehend Ihre Daten im Zusammenhang mit dem  Newsletter-Versand.\u00a0Durch diesen Widerruf wird die Rechtm\u00e4\u00dfigkeit der  aufgrund der Zustimmung bis zum Widerruf erfolgten Verarbeitung nicht  ber\u00fchrt.<\/p>\n\n\n\n<h4 id=\"heading_Ihre_Rechte\">Ihre Rechte<\/h4>\n\n\n\n<p>Ihnen stehen bez\u00fcglich Ihrer bei uns gespeicherten Daten\u00a0grunds\u00e4tzlich  die Rechte auf Auskunft, Berichtigung, L\u00f6schung, Einschr\u00e4nkung,  Daten\u00fcbertragbarkeit, Widerruf und Widerspruch zu. Wenn Sie glauben,  dass die Verarbeitung Ihrer Daten gegen das Datenschutzrecht verst\u00f6\u00dft  oder Ihre datenschutzrechtlichen Anspr\u00fcche sonst in einer Weise verletzt  worden sind, k\u00f6nnen Sie sich bei der\u00a0uns <em>info@exilarte.org<\/em> oder der Datenschutzbeh\u00f6rde beschweren.<\/p>\n\n\n\n<h4 id=\"heading_Sie_erreichen_uns_unter_folgenden_Kontaktdaten_\">Sie erreichen uns unter: <\/h4>\n\n\n\n<p>Exilarte Zentrum<br>Universit\u00e4t f\u00fcr Musik und darstellende Kunst Wien<br>Lothringerstra\u00dfe 18, 1030 Wien<br>1. Stock, Zimmer A0102<br><br>ao.Univ.-Prof. Dr.phil. Dr.h.c. Gerold W. Gruber&nbsp;<br>Gr\u00fcnder von exil.arte und&nbsp;<br>Leiter des Exilarte Zentrum der mdw<br><a href=\"mailto:Gruber-g@mdw.ac.at\">gruber-g@mdw.ac.at<\/a><\/p>\n","protected":false},"excerpt":{"rendered":"<p>Erkl\u00e4rung zur Informationspflicht Der Schutz Ihrer pers\u00f6nlichen Daten ist uns ein besonderes Anliegen. Wir verarbeiten Ihre Daten daher ausschlie\u00dflich auf Grundlage der gesetzlichen Bestimmungen (DSGVO, TKG 2003). In diesen Datenschutzinformationen informieren wir Sie \u00fcber die wichtigsten Aspekte der Datenverarbeitung im Rahmen unserer Website.&nbsp; Kontakt mit uns Wenn Sie per Formular auf der Website oder per<a class=\"excerpt-read-more\" href=\"https:\/\/exilarte.org\/en\/datenschutzerklarung\" title=\"ReadDatenschutzerkl\u00e4rung\">&#8230; Read more &raquo;<\/a><\/p>\n","protected":false},"author":2,"featured_media":0,"parent":0,"menu_order":0,"comment_status":"closed","ping_status":"closed","template":"template-no-sidebar.php","meta":[],"yoast_head":"<!-- This site is optimized with the Yoast SEO plugin v18.3 - https:\/\/yoast.com\/wordpress\/plugins\/seo\/ -->\n<title>Datenschutzerkl\u00e4rung - Exilarte<\/title>\n<meta name=\"robots\" content=\"index, follow, max-snippet:-1, max-image-preview:large, max-video-preview:-1\" \/>\n<link rel=\"canonical\" href=\"https:\/\/exilarte.org\/en\/datenschutzerklarung\" \/>\n<meta property=\"og:locale\" content=\"en_US\" \/>\n<meta property=\"og:type\" content=\"article\" \/>\n<meta property=\"og:title\" content=\"Datenschutzerkl\u00e4rung - Exilarte\" \/>\n<meta property=\"og:description\" content=\"Erkl\u00e4rung zur Informationspflicht Der Schutz Ihrer pers\u00f6nlichen Daten ist uns ein besonderes Anliegen. Wir verarbeiten Ihre Daten daher ausschlie\u00dflich auf Grundlage der gesetzlichen Bestimmungen (DSGVO, TKG 2003). In diesen Datenschutzinformationen informieren wir Sie \u00fcber die wichtigsten Aspekte der Datenverarbeitung im Rahmen unserer Website.&nbsp; Kontakt mit uns Wenn Sie per Formular auf der Website oder per... Read more &raquo;\" \/>\n<meta property=\"og:url\" content=\"https:\/\/exilarte.org\/en\/datenschutzerklarung\" \/>\n<meta property=\"og:site_name\" content=\"Exilarte\" \/>\n<meta property=\"article:modified_time\" content=\"2021-03-09T12:59:21+00:00\" \/>\n<meta name=\"twitter:card\" content=\"summary_large_image\" \/>\n<meta name=\"twitter:label1\" content=\"Est. reading time\" \/>\n\t<meta name=\"twitter:data1\" content=\"2 minutes\" \/>\n<script type=\"application\/ld+json\" class=\"yoast-schema-graph\">{\"@context\":\"https:\/\/schema.org\",\"@graph\":[{\"@type\":\"Organization\",\"@id\":\"https:\/\/exilarte.org\/en#organization\",\"name\":\"Exilarte - Zentrum f\u00fcr verfolgte Musik\",\"url\":\"https:\/\/exilarte.org\/en\",\"sameAs\":[],\"logo\":{\"@type\":\"ImageObject\",\"@id\":\"https:\/\/exilarte.org\/en#logo\",\"inLanguage\":\"en-US\",\"url\":\"https:\/\/i1.wp.com\/exilarte.org\/wp-content\/uploads\/2021\/03\/exilarte_logo_2021_de.png?fit=574%2C574&ssl=1\",\"contentUrl\":\"https:\/\/i1.wp.com\/exilarte.org\/wp-content\/uploads\/2021\/03\/exilarte_logo_2021_de.png?fit=574%2C574&ssl=1\",\"width\":574,\"height\":574,\"caption\":\"Exilarte - Zentrum f\u00fcr verfolgte Musik\"},\"image\":{\"@id\":\"https:\/\/exilarte.org\/en#logo\"}},{\"@type\":\"WebSite\",\"@id\":\"https:\/\/exilarte.org\/en#website\",\"url\":\"https:\/\/exilarte.org\/en\",\"name\":\"Exilarte\",\"description\":\"Zentrum f\u00fcr verfolgte Musik\",\"publisher\":{\"@id\":\"https:\/\/exilarte.org\/en#organization\"},\"potentialAction\":[{\"@type\":\"SearchAction\",\"target\":{\"@type\":\"EntryPoint\",\"urlTemplate\":\"https:\/\/exilarte.org\/en?s={search_term_string}\"},\"query-input\":\"required name=search_term_string\"}],\"inLanguage\":\"en-US\"},{\"@type\":\"WebPage\",\"@id\":\"https:\/\/exilarte.org\/en\/datenschutzerklarung#webpage\",\"url\":\"https:\/\/exilarte.org\/en\/datenschutzerklarung\",\"name\":\"Datenschutzerkl\u00e4rung - Exilarte\",\"isPartOf\":{\"@id\":\"https:\/\/exilarte.org\/en#website\"},\"datePublished\":\"2019-06-09T11:12:09+00:00\",\"dateModified\":\"2021-03-09T12:59:21+00:00\",\"breadcrumb\":{\"@id\":\"https:\/\/exilarte.org\/en\/datenschutzerklarung#breadcrumb\"},\"inLanguage\":\"en-US\",\"potentialAction\":[{\"@type\":\"ReadAction\",\"target\":[\"https:\/\/exilarte.org\/en\/datenschutzerklarung\"]}]},{\"@type\":\"BreadcrumbList\",\"@id\":\"https:\/\/exilarte.org\/en\/datenschutzerklarung#breadcrumb\",\"itemListElement\":[{\"@type\":\"ListItem\",\"position\":1,\"name\":\"Startseite\",\"item\":\"https:\/\/exilarte.org\/en\"},{\"@type\":\"ListItem\",\"position\":2,\"name\":\"Datenschutzerkl\u00e4rung\"}]}]}<\/script>\n<!-- \/ Yoast SEO plugin. -->","yoast_head_json":{"title":"Datenschutzerkl\u00e4rung - Exilarte","robots":{"index":"index","follow":"follow","max-snippet":"max-snippet:-1","max-image-preview":"max-image-preview:large","max-video-preview":"max-video-preview:-1"},"canonical":"https:\/\/exilarte.org\/en\/datenschutzerklarung","og_locale":"en_US","og_type":"article","og_title":"Datenschutzerkl\u00e4rung - Exilarte","og_description":"Erkl\u00e4rung zur Informationspflicht Der Schutz Ihrer pers\u00f6nlichen Daten ist uns ein besonderes Anliegen. Wir verarbeiten Ihre Daten daher ausschlie\u00dflich auf Grundlage der gesetzlichen Bestimmungen (DSGVO, TKG 2003). In diesen Datenschutzinformationen informieren wir Sie \u00fcber die wichtigsten Aspekte der Datenverarbeitung im Rahmen unserer Website.&nbsp; Kontakt mit uns Wenn Sie per Formular auf der Website oder per... Read more &raquo;","og_url":"https:\/\/exilarte.org\/en\/datenschutzerklarung","og_site_name":"Exilarte","article_modified_time":"2021-03-09T12:59:21+00:00","twitter_card":"summary_large_image","twitter_misc":{"Est. reading time":"2 minutes"},"schema":{"@context":"https:\/\/schema.org","@graph":[{"@type":"Organization","@id":"https:\/\/exilarte.org\/en#organization","name":"Exilarte - Zentrum f\u00fcr verfolgte Musik","url":"https:\/\/exilarte.org\/en","sameAs":[],"logo":{"@type":"ImageObject","@id":"https:\/\/exilarte.org\/en#logo","inLanguage":"en-US","url":"https:\/\/i1.wp.com\/exilarte.org\/wp-content\/uploads\/2021\/03\/exilarte_logo_2021_de.png?fit=574%2C574&ssl=1","contentUrl":"https:\/\/i1.wp.com\/exilarte.org\/wp-content\/uploads\/2021\/03\/exilarte_logo_2021_de.png?fit=574%2C574&ssl=1","width":574,"height":574,"caption":"Exilarte - Zentrum f\u00fcr verfolgte Musik"},"image":{"@id":"https:\/\/exilarte.org\/en#logo"}},{"@type":"WebSite","@id":"https:\/\/exilarte.org\/en#website","url":"https:\/\/exilarte.org\/en","name":"Exilarte","description":"Zentrum f\u00fcr verfolgte Musik","publisher":{"@id":"https:\/\/exilarte.org\/en#organization"},"potentialAction":[{"@type":"SearchAction","target":{"@type":"EntryPoint","urlTemplate":"https:\/\/exilarte.org\/en?s={search_term_string}"},"query-input":"required name=search_term_string"}],"inLanguage":"en-US"},{"@type":"WebPage","@id":"https:\/\/exilarte.org\/en\/datenschutzerklarung#webpage","url":"https:\/\/exilarte.org\/en\/datenschutzerklarung","name":"Datenschutzerkl\u00e4rung - Exilarte","isPartOf":{"@id":"https:\/\/exilarte.org\/en#website"},"datePublished":"2019-06-09T11:12:09+00:00","dateModified":"2021-03-09T12:59:21+00:00","breadcrumb":{"@id":"https:\/\/exilarte.org\/en\/datenschutzerklarung#breadcrumb"},"inLanguage":"en-US","potentialAction":[{"@type":"ReadAction","target":["https:\/\/exilarte.org\/en\/datenschutzerklarung"]}]},{"@type":"BreadcrumbList","@id":"https:\/\/exilarte.org\/en\/datenschutzerklarung#breadcrumb","itemListElement":[{"@type":"ListItem","position":1,"name":"Startseite","item":"https:\/\/exilarte.org\/en"},{"@type":"ListItem","position":2,"name":"Datenschutzerkl\u00e4rung"}]}]}},"featured_image_src":null,"featured_image_src_square":null,"_links":{"self":[{"href":"https:\/\/exilarte.org\/en\/wp-json\/wp\/v2\/pages\/265"}],"collection":[{"href":"https:\/\/exilarte.org\/en\/wp-json\/wp\/v2\/pages"}],"about":[{"href":"https:\/\/exilarte.org\/en\/wp-json\/wp\/v2\/types\/page"}],"author":[{"embeddable":true,"href":"https:\/\/exilarte.org\/en\/wp-json\/wp\/v2\/users\/2"}],"replies":[{"embeddable":true,"href":"https:\/\/exilarte.org\/en\/wp-json\/wp\/v2\/comments?post=265"}],"version-history":[{"count":4,"href":"https:\/\/exilarte.org\/en\/wp-json\/wp\/v2\/pages\/265\/revisions"}],"predecessor-version":[{"id":4234,"href":"https:\/\/exilarte.org\/en\/wp-json\/wp\/v2\/pages\/265\/revisions\/4234"}],"wp:attachment":[{"href":"https:\/\/exilarte.org\/en\/wp-json\/wp\/v2\/media?parent=265"}],"curies":[{"name":"wp","href":"https:\/\/api.w.org\/{rel}","templated":true}]}}