{"id":6508,"date":"2022-03-15T11:35:24","date_gmt":"2022-03-15T10:35:24","guid":{"rendered":"https:\/\/exilarte.org\/?page_id=6508"},"modified":"2025-03-12T12:01:55","modified_gmt":"2025-03-12T11:01:55","slug":"walter-wurzburger","status":"publish","type":"page","link":"https:\/\/exilarte.org\/en\/walter-wurzburger","title":{"rendered":"Walter W\u00fcrzburger"},"content":{"rendered":"\n<p>Frankfurt a. M., 1914 \u2013 1995, Worcester Park<\/p>\n\n\n\n<figure class=\"wp-block-image size-thumbnail is-resized circle-img is-style-rounded\"><img data-attachment-id=\"6509\" data-permalink=\"https:\/\/exilarte.org\/en\/walter-wurzburger\/wurzburger-foto\" data-orig-file=\"https:\/\/i0.wp.com\/exilarte.org\/wp-content\/uploads\/2022\/03\/Wurzburger-Foto-scaled.jpg?fit=1811%2C2560&amp;ssl=1\" data-orig-size=\"1811,2560\" data-comments-opened=\"0\" data-image-meta=\"{&quot;aperture&quot;:&quot;0&quot;,&quot;credit&quot;:&quot;&quot;,&quot;camera&quot;:&quot;&quot;,&quot;caption&quot;:&quot;&quot;,&quot;created_timestamp&quot;:&quot;0&quot;,&quot;copyright&quot;:&quot;&quot;,&quot;focal_length&quot;:&quot;0&quot;,&quot;iso&quot;:&quot;0&quot;,&quot;shutter_speed&quot;:&quot;0&quot;,&quot;title&quot;:&quot;&quot;,&quot;orientation&quot;:&quot;0&quot;}\" data-image-title=\"Wurzburger-Foto\" data-image-description=\"\" data-image-caption=\"\" data-medium-file=\"https:\/\/i0.wp.com\/exilarte.org\/wp-content\/uploads\/2022\/03\/Wurzburger-Foto-scaled.jpg?fit=800%2C1131&amp;ssl=1\" data-large-file=\"https:\/\/i0.wp.com\/exilarte.org\/wp-content\/uploads\/2022\/03\/Wurzburger-Foto-scaled.jpg?fit=1200%2C1697&amp;ssl=1\" loading=\"lazy\" src=\"https:\/\/i0.wp.com\/exilarte.org\/wp-content\/uploads\/2022\/03\/Wurzburger-Foto.jpg?resize=240%2C340&#038;ssl=1\" alt=\"\" class=\"wp-image-6509\" width=\"240\" height=\"340\" srcset=\"https:\/\/i0.wp.com\/exilarte.org\/wp-content\/uploads\/2022\/03\/Wurzburger-Foto-scaled.jpg?resize=480%2C679&amp;ssl=1 480w, https:\/\/i0.wp.com\/exilarte.org\/wp-content\/uploads\/2022\/03\/Wurzburger-Foto-scaled.jpg?resize=800%2C1131&amp;ssl=1 800w, https:\/\/i0.wp.com\/exilarte.org\/wp-content\/uploads\/2022\/03\/Wurzburger-Foto-scaled.jpg?resize=1280%2C1810&amp;ssl=1 1280w, https:\/\/i0.wp.com\/exilarte.org\/wp-content\/uploads\/2022\/03\/Wurzburger-Foto-scaled.jpg?resize=768%2C1086&amp;ssl=1 768w, https:\/\/i0.wp.com\/exilarte.org\/wp-content\/uploads\/2022\/03\/Wurzburger-Foto-scaled.jpg?resize=1087%2C1536&amp;ssl=1 1087w, https:\/\/i0.wp.com\/exilarte.org\/wp-content\/uploads\/2022\/03\/Wurzburger-Foto-scaled.jpg?resize=1449%2C2048&amp;ssl=1 1449w, https:\/\/i0.wp.com\/exilarte.org\/wp-content\/uploads\/2022\/03\/Wurzburger-Foto-scaled.jpg?w=1811&amp;ssl=1 1811w\" sizes=\"(max-width: 240px) 100vw, 240px\" data-recalc-dims=\"1\" \/><\/figure>\n\n\n\n<p>Walter W\u00fcrzburger (Wurzburger) was the son of Jewish organist Siegfried W\u00fcrzburger (1877 -1942). Following initial clarinet and saxophone studies, he became one of the first students to enter Frankfurt\u2019s Hoch\u2019sche Music Academy\u2019s newly found Jazz Department, run by the Hungarian M\u00e1ty\u00e1s Seiber. He also studied composition and theory with Bernhard Sekles until all Jewish students and faculty members, including Seiber, Sekles and W\u00fcrzburger were removed by the Nazi regime in 1933. W\u00fcrzburger went first to Paris before immigrating to Singapore, where he was interned as an \u201cenemy alien\u201d before being deported to Australia. W\u00fcrzburger was able take up composition again while in the Australian internment camp Tatura. In 1942, he joined the Australian army while studying composition and clarinet at the same time at Melbourne\u2019s conservatory. In 1950, he relocated to London where he was able to continue his studies with M\u00e1ty\u00e1s Seiber. Walter W\u00fcrzburger has composed in a wide range of genres extending stylistically from New Objectivity to light music; writing for all combinations from chamber music to large scale orchestral works to concertos and art-song.&nbsp;<\/p>\n\n\n\n<p>Further links: <\/p>\n\n\n\n<p><a href=\"http:\/\/www.wurzburger.org\">Walter W\u00fcrzburger<\/a><\/p>\n","protected":false},"excerpt":{"rendered":"<p>Frankfurt a. M., 1914 \u2013 1995, Worcester Park Walter W\u00fcrzburger (Wurzburger) was the son of Jewish organist Siegfried W\u00fcrzburger (1877 -1942). Following initial clarinet and saxophone studies, he became one of the first students to enter Frankfurt\u2019s Hoch\u2019sche Music Academy\u2019s newly found Jazz Department, run by the Hungarian M\u00e1ty\u00e1s Seiber. He also studied composition and<a class=\"excerpt-read-more\" href=\"https:\/\/exilarte.org\/en\/walter-wurzburger\" title=\"ReadWalter W\u00fcrzburger\">&#8230; Read more &raquo;<\/a><\/p>\n","protected":false},"author":5,"featured_media":0,"parent":0,"menu_order":0,"comment_status":"closed","ping_status":"closed","template":"","meta":[],"yoast_head":"<!-- This site is optimized with the Yoast SEO plugin v18.3 - https:\/\/yoast.com\/wordpress\/plugins\/seo\/ -->\n<title>Walter W\u00fcrzburger - Exilarte<\/title>\n<meta name=\"robots\" content=\"index, follow, max-snippet:-1, max-image-preview:large, max-video-preview:-1\" \/>\n<link rel=\"canonical\" href=\"https:\/\/exilarte.org\/en\/walter-wurzburger\" \/>\n<meta property=\"og:locale\" content=\"en_US\" \/>\n<meta property=\"og:type\" content=\"article\" \/>\n<meta property=\"og:title\" content=\"Walter W\u00fcrzburger - Exilarte\" \/>\n<meta property=\"og:description\" content=\"Frankfurt a. M., 1914 \u2013 1995, Worcester Park Walter W\u00fcrzburger (Wurzburger) was the son of Jewish organist Siegfried W\u00fcrzburger (1877 -1942). Following initial clarinet and saxophone studies, he became one of the first students to enter Frankfurt\u2019s Hoch\u2019sche Music Academy\u2019s newly found Jazz Department, run by the Hungarian M\u00e1ty\u00e1s Seiber. He also studied composition and... Read more &raquo;\" \/>\n<meta property=\"og:url\" content=\"https:\/\/exilarte.org\/en\/walter-wurzburger\" \/>\n<meta property=\"og:site_name\" content=\"Exilarte\" \/>\n<meta property=\"article:modified_time\" content=\"2025-03-12T11:01:55+00:00\" \/>\n<meta property=\"og:image\" content=\"https:\/\/exilarte.org\/wp-content\/uploads\/2022\/03\/Wurzburger-Foto-480x679.jpg\" \/>\n<meta name=\"twitter:card\" content=\"summary_large_image\" \/>\n<meta name=\"twitter:label1\" content=\"Est. reading time\" \/>\n\t<meta name=\"twitter:data1\" content=\"2 minutes\" \/>\n<script type=\"application\/ld+json\" class=\"yoast-schema-graph\">{\"@context\":\"https:\/\/schema.org\",\"@graph\":[{\"@type\":\"Organization\",\"@id\":\"https:\/\/exilarte.org\/en#organization\",\"name\":\"Exilarte - Zentrum f\u00fcr verfolgte Musik\",\"url\":\"https:\/\/exilarte.org\/en\",\"sameAs\":[],\"logo\":{\"@type\":\"ImageObject\",\"@id\":\"https:\/\/exilarte.org\/en#logo\",\"inLanguage\":\"en-US\",\"url\":\"https:\/\/i1.wp.com\/exilarte.org\/wp-content\/uploads\/2021\/03\/exilarte_logo_2021_de.png?fit=574%2C574&ssl=1\",\"contentUrl\":\"https:\/\/i1.wp.com\/exilarte.org\/wp-content\/uploads\/2021\/03\/exilarte_logo_2021_de.png?fit=574%2C574&ssl=1\",\"width\":574,\"height\":574,\"caption\":\"Exilarte - Zentrum f\u00fcr verfolgte Musik\"},\"image\":{\"@id\":\"https:\/\/exilarte.org\/en#logo\"}},{\"@type\":\"WebSite\",\"@id\":\"https:\/\/exilarte.org\/en#website\",\"url\":\"https:\/\/exilarte.org\/en\",\"name\":\"Exilarte\",\"description\":\"Zentrum f\u00fcr verfolgte Musik\",\"publisher\":{\"@id\":\"https:\/\/exilarte.org\/en#organization\"},\"potentialAction\":[{\"@type\":\"SearchAction\",\"target\":{\"@type\":\"EntryPoint\",\"urlTemplate\":\"https:\/\/exilarte.org\/en?s={search_term_string}\"},\"query-input\":\"required name=search_term_string\"}],\"inLanguage\":\"en-US\"},{\"@type\":\"ImageObject\",\"@id\":\"https:\/\/exilarte.org\/en\/walter-wurzburger#primaryimage\",\"inLanguage\":\"en-US\",\"url\":\"https:\/\/exilarte.org\/wp-content\/uploads\/2022\/03\/Wurzburger-Foto-480x679.jpg\",\"contentUrl\":\"https:\/\/exilarte.org\/wp-content\/uploads\/2022\/03\/Wurzburger-Foto-480x679.jpg\"},{\"@type\":\"WebPage\",\"@id\":\"https:\/\/exilarte.org\/en\/walter-wurzburger#webpage\",\"url\":\"https:\/\/exilarte.org\/en\/walter-wurzburger\",\"name\":\"Walter W\u00fcrzburger - Exilarte\",\"isPartOf\":{\"@id\":\"https:\/\/exilarte.org\/en#website\"},\"primaryImageOfPage\":{\"@id\":\"https:\/\/exilarte.org\/en\/walter-wurzburger#primaryimage\"},\"datePublished\":\"2022-03-15T10:35:24+00:00\",\"dateModified\":\"2025-03-12T11:01:55+00:00\",\"breadcrumb\":{\"@id\":\"https:\/\/exilarte.org\/en\/walter-wurzburger#breadcrumb\"},\"inLanguage\":\"en-US\",\"potentialAction\":[{\"@type\":\"ReadAction\",\"target\":[\"https:\/\/exilarte.org\/en\/walter-wurzburger\"]}]},{\"@type\":\"BreadcrumbList\",\"@id\":\"https:\/\/exilarte.org\/en\/walter-wurzburger#breadcrumb\",\"itemListElement\":[{\"@type\":\"ListItem\",\"position\":1,\"name\":\"Startseite\",\"item\":\"https:\/\/exilarte.org\/en\"},{\"@type\":\"ListItem\",\"position\":2,\"name\":\"Walter W\u00fcrzburger\"}]}]}<\/script>\n<!-- \/ Yoast SEO plugin. -->","yoast_head_json":{"title":"Walter W\u00fcrzburger - Exilarte","robots":{"index":"index","follow":"follow","max-snippet":"max-snippet:-1","max-image-preview":"max-image-preview:large","max-video-preview":"max-video-preview:-1"},"canonical":"https:\/\/exilarte.org\/en\/walter-wurzburger","og_locale":"en_US","og_type":"article","og_title":"Walter W\u00fcrzburger - Exilarte","og_description":"Frankfurt a. M., 1914 \u2013 1995, Worcester Park Walter W\u00fcrzburger (Wurzburger) was the son of Jewish organist Siegfried W\u00fcrzburger (1877 -1942). Following initial clarinet and saxophone studies, he became one of the first students to enter Frankfurt\u2019s Hoch\u2019sche Music Academy\u2019s newly found Jazz Department, run by the Hungarian M\u00e1ty\u00e1s Seiber. He also studied composition and... Read more &raquo;","og_url":"https:\/\/exilarte.org\/en\/walter-wurzburger","og_site_name":"Exilarte","article_modified_time":"2025-03-12T11:01:55+00:00","og_image":[{"url":"https:\/\/exilarte.org\/wp-content\/uploads\/2022\/03\/Wurzburger-Foto-480x679.jpg"}],"twitter_card":"summary_large_image","twitter_misc":{"Est. reading time":"2 minutes"},"schema":{"@context":"https:\/\/schema.org","@graph":[{"@type":"Organization","@id":"https:\/\/exilarte.org\/en#organization","name":"Exilarte - Zentrum f\u00fcr verfolgte Musik","url":"https:\/\/exilarte.org\/en","sameAs":[],"logo":{"@type":"ImageObject","@id":"https:\/\/exilarte.org\/en#logo","inLanguage":"en-US","url":"https:\/\/i1.wp.com\/exilarte.org\/wp-content\/uploads\/2021\/03\/exilarte_logo_2021_de.png?fit=574%2C574&ssl=1","contentUrl":"https:\/\/i1.wp.com\/exilarte.org\/wp-content\/uploads\/2021\/03\/exilarte_logo_2021_de.png?fit=574%2C574&ssl=1","width":574,"height":574,"caption":"Exilarte - Zentrum f\u00fcr verfolgte Musik"},"image":{"@id":"https:\/\/exilarte.org\/en#logo"}},{"@type":"WebSite","@id":"https:\/\/exilarte.org\/en#website","url":"https:\/\/exilarte.org\/en","name":"Exilarte","description":"Zentrum f\u00fcr verfolgte Musik","publisher":{"@id":"https:\/\/exilarte.org\/en#organization"},"potentialAction":[{"@type":"SearchAction","target":{"@type":"EntryPoint","urlTemplate":"https:\/\/exilarte.org\/en?s={search_term_string}"},"query-input":"required name=search_term_string"}],"inLanguage":"en-US"},{"@type":"ImageObject","@id":"https:\/\/exilarte.org\/en\/walter-wurzburger#primaryimage","inLanguage":"en-US","url":"https:\/\/exilarte.org\/wp-content\/uploads\/2022\/03\/Wurzburger-Foto-480x679.jpg","contentUrl":"https:\/\/exilarte.org\/wp-content\/uploads\/2022\/03\/Wurzburger-Foto-480x679.jpg"},{"@type":"WebPage","@id":"https:\/\/exilarte.org\/en\/walter-wurzburger#webpage","url":"https:\/\/exilarte.org\/en\/walter-wurzburger","name":"Walter W\u00fcrzburger - Exilarte","isPartOf":{"@id":"https:\/\/exilarte.org\/en#website"},"primaryImageOfPage":{"@id":"https:\/\/exilarte.org\/en\/walter-wurzburger#primaryimage"},"datePublished":"2022-03-15T10:35:24+00:00","dateModified":"2025-03-12T11:01:55+00:00","breadcrumb":{"@id":"https:\/\/exilarte.org\/en\/walter-wurzburger#breadcrumb"},"inLanguage":"en-US","potentialAction":[{"@type":"ReadAction","target":["https:\/\/exilarte.org\/en\/walter-wurzburger"]}]},{"@type":"BreadcrumbList","@id":"https:\/\/exilarte.org\/en\/walter-wurzburger#breadcrumb","itemListElement":[{"@type":"ListItem","position":1,"name":"Startseite","item":"https:\/\/exilarte.org\/en"},{"@type":"ListItem","position":2,"name":"Walter W\u00fcrzburger"}]}]}},"featured_image_src":null,"featured_image_src_square":null,"_links":{"self":[{"href":"https:\/\/exilarte.org\/en\/wp-json\/wp\/v2\/pages\/6508"}],"collection":[{"href":"https:\/\/exilarte.org\/en\/wp-json\/wp\/v2\/pages"}],"about":[{"href":"https:\/\/exilarte.org\/en\/wp-json\/wp\/v2\/types\/page"}],"author":[{"embeddable":true,"href":"https:\/\/exilarte.org\/en\/wp-json\/wp\/v2\/users\/5"}],"replies":[{"embeddable":true,"href":"https:\/\/exilarte.org\/en\/wp-json\/wp\/v2\/comments?post=6508"}],"version-history":[{"count":2,"href":"https:\/\/exilarte.org\/en\/wp-json\/wp\/v2\/pages\/6508\/revisions"}],"predecessor-version":[{"id":10170,"href":"https:\/\/exilarte.org\/en\/wp-json\/wp\/v2\/pages\/6508\/revisions\/10170"}],"wp:attachment":[{"href":"https:\/\/exilarte.org\/en\/wp-json\/wp\/v2\/media?parent=6508"}],"curies":[{"name":"wp","href":"https:\/\/api.w.org\/{rel}","templated":true}]}}