{"id":9602,"date":"2024-10-01T20:24:33","date_gmt":"2024-10-01T18:24:33","guid":{"rendered":"https:\/\/exilarte.org\/?page_id=9602"},"modified":"2025-03-12T11:53:24","modified_gmt":"2025-03-12T10:53:24","slug":"edouard-rosario-van-cleeff","status":"publish","type":"page","link":"https:\/\/exilarte.org\/en\/nachlaesse\/edouard-rosario-van-cleeff","title":{"rendered":"\u00c9douard Rosario Van Cleeff"},"content":{"rendered":"\n<p>1889, Paris \u2013 1961, Nizza<\/p>\n\n<figure class=\"wp-block-image size-large is-resized is-style-rounded\"><img data-attachment-id=\"10138\" data-permalink=\"https:\/\/exilarte.org\/en\/nachlaesse\/edouard-rosario-van-cleeff\/bildschirmfoto-2025-03-12-um-11-50-37\" data-orig-file=\"https:\/\/i0.wp.com\/exilarte.org\/wp-content\/uploads\/2025\/03\/Bildschirmfoto-2025-03-12-um-11.50.37.png?fit=1462%2C2276&amp;ssl=1\" data-orig-size=\"1462,2276\" data-comments-opened=\"0\" data-image-meta=\"{&quot;aperture&quot;:&quot;0&quot;,&quot;credit&quot;:&quot;&quot;,&quot;camera&quot;:&quot;&quot;,&quot;caption&quot;:&quot;&quot;,&quot;created_timestamp&quot;:&quot;0&quot;,&quot;copyright&quot;:&quot;&quot;,&quot;focal_length&quot;:&quot;0&quot;,&quot;iso&quot;:&quot;0&quot;,&quot;shutter_speed&quot;:&quot;0&quot;,&quot;title&quot;:&quot;&quot;,&quot;orientation&quot;:&quot;0&quot;}\" data-image-title=\"Bildschirmfoto-2025-03-12-um-11.50.37\" data-image-description=\"\" data-image-caption=\"\" data-medium-file=\"https:\/\/i0.wp.com\/exilarte.org\/wp-content\/uploads\/2025\/03\/Bildschirmfoto-2025-03-12-um-11.50.37.png?fit=800%2C1245&amp;ssl=1\" data-large-file=\"https:\/\/i0.wp.com\/exilarte.org\/wp-content\/uploads\/2025\/03\/Bildschirmfoto-2025-03-12-um-11.50.37.png?fit=1200%2C1868&amp;ssl=1\" loading=\"lazy\" src=\"https:\/\/i0.wp.com\/exilarte.org\/wp-content\/uploads\/2025\/03\/Bildschirmfoto-2025-03-12-um-11.50.37.png?resize=234%2C363&#038;ssl=1\" alt=\"\" class=\"wp-image-10138\" width=\"234\" height=\"363\" srcset=\"https:\/\/i0.wp.com\/exilarte.org\/wp-content\/uploads\/2025\/03\/Bildschirmfoto-2025-03-12-um-11.50.37.png?resize=1280%2C1993&amp;ssl=1 1280w, https:\/\/i0.wp.com\/exilarte.org\/wp-content\/uploads\/2025\/03\/Bildschirmfoto-2025-03-12-um-11.50.37.png?resize=800%2C1245&amp;ssl=1 800w, https:\/\/i0.wp.com\/exilarte.org\/wp-content\/uploads\/2025\/03\/Bildschirmfoto-2025-03-12-um-11.50.37.png?resize=480%2C747&amp;ssl=1 480w, https:\/\/i0.wp.com\/exilarte.org\/wp-content\/uploads\/2025\/03\/Bildschirmfoto-2025-03-12-um-11.50.37.png?resize=768%2C1196&amp;ssl=1 768w, https:\/\/i0.wp.com\/exilarte.org\/wp-content\/uploads\/2025\/03\/Bildschirmfoto-2025-03-12-um-11.50.37.png?resize=987%2C1536&amp;ssl=1 987w, https:\/\/i0.wp.com\/exilarte.org\/wp-content\/uploads\/2025\/03\/Bildschirmfoto-2025-03-12-um-11.50.37.png?resize=1316%2C2048&amp;ssl=1 1316w, https:\/\/i0.wp.com\/exilarte.org\/wp-content\/uploads\/2025\/03\/Bildschirmfoto-2025-03-12-um-11.50.37.png?w=1462&amp;ssl=1 1462w\" sizes=\"(max-width: 234px) 100vw, 234px\" data-recalc-dims=\"1\" \/><\/figure>\n\n<p>Trotz seiner Karriere, die Auff\u00fchrungen und die Rundfunk-\u00dcbertragung seiner Oper \u201ePancho\u201c in Nizza umfasste, gibt es bisher nur wenig biografische Information \u00fcber Edouard van Cleeff. Er studierte Harmonielehre bei \u00c9mile Schwartz und Komposition bei Charles-Marie Widor und Alfred Casella. Seine Mutter war Britin j\u00fcdischer Abstammung, sein Vater geh\u00f6rte zur renommierten niederl\u00e4ndischen Familie Van Cleef(f), die f\u00fcr ihre Juwelierskunst bekannt war. \u00c8douard van Cleeff heiratete Ren\u00e9e Frida L\u00e9ontine Simian 1925 und lebte in Nizza bis zur Vertreibung der Juden 1943. Zun\u00e4chst wurde er in das Internierungslager Frontstalag 122 nahe Compi\u00e8gne gebracht, bevor er nach Dachau deportiert wurde. Alle seine Manuskripte packte er in Kisten, die er einem Freund zur sicheren Aufbewahrung \u00fcbergab. Van Cleeff komponierte Kunstlieder (m\u00e9lodies), Klavierst\u00fccke, eine Cellosonate und die kurze Oper \u201ePancho\u201c, deren Libretto von Andr\u00e9 Rastier stammt und die am 24. M\u00e4rz 1931 in Nizza uraufgef\u00fchrt wurde. Sie war so erfolgreich, dass sie aufgenommen und gesendet wurde; eine Aufnahme davon wurde aufbewahrt und digitalisiert. Anschlie\u00dfend wurde \u201ePancho\u201c in verschiedenen Opernh\u00e4usern in ganz Frankreich aufgef\u00fchrt. Nach der Befreiung der Lager war van Cleeff schwer traumatisiert und konnte nicht mehr komponieren. Sein Nachlass gelangte schlie\u00dflich an die Pianistin Joy Schreier, die mit der Unterst\u00fctzung von der amerikanischen Sopranistin Ren\u00e9e Fleming Kontakt zum Exilarte Zentrum der mdw aufnahm.\u00a0<\/p>\n","protected":false},"excerpt":{"rendered":"<p>1889, Paris \u2013 1961, Nizza Trotz seiner Karriere, die Auff\u00fchrungen und die Rundfunk-\u00dcbertragung seiner Oper \u201ePancho\u201c in Nizza umfasste, gibt es bisher nur wenig biografische Information \u00fcber Edouard van Cleeff. Er studierte Harmonielehre bei \u00c9mile Schwartz und Komposition bei Charles-Marie Widor und Alfred Casella. Seine Mutter war Britin j\u00fcdischer Abstammung, sein Vater geh\u00f6rte zur renommierten<a class=\"excerpt-read-more\" href=\"https:\/\/exilarte.org\/en\/nachlaesse\/edouard-rosario-van-cleeff\" title=\"Read\u00c9douard Rosario Van Cleeff\">&#8230; Read more &raquo;<\/a><\/p>\n","protected":false},"author":5,"featured_media":0,"parent":600,"menu_order":0,"comment_status":"closed","ping_status":"closed","template":"","meta":[],"yoast_head":"<!-- This site is optimized with the Yoast SEO plugin v18.3 - https:\/\/yoast.com\/wordpress\/plugins\/seo\/ -->\n<title>\u00c9douard Rosario Van Cleeff - Exilarte<\/title>\n<meta name=\"robots\" content=\"index, follow, max-snippet:-1, max-image-preview:large, max-video-preview:-1\" \/>\n<link rel=\"canonical\" href=\"https:\/\/exilarte.org\/en\/nachlaesse\/edouard-rosario-van-cleeff\" \/>\n<meta property=\"og:locale\" content=\"en_US\" \/>\n<meta property=\"og:type\" content=\"article\" \/>\n<meta property=\"og:title\" content=\"\u00c9douard Rosario Van Cleeff - Exilarte\" \/>\n<meta property=\"og:description\" content=\"1889, Paris \u2013 1961, Nizza Trotz seiner Karriere, die Auff\u00fchrungen und die Rundfunk-\u00dcbertragung seiner Oper \u201ePancho\u201c in Nizza umfasste, gibt es bisher nur wenig biografische Information \u00fcber Edouard van Cleeff. Er studierte Harmonielehre bei \u00c9mile Schwartz und Komposition bei Charles-Marie Widor und Alfred Casella. Seine Mutter war Britin j\u00fcdischer Abstammung, sein Vater geh\u00f6rte zur renommierten... Read more &raquo;\" \/>\n<meta property=\"og:url\" content=\"https:\/\/exilarte.org\/en\/nachlaesse\/edouard-rosario-van-cleeff\" \/>\n<meta property=\"og:site_name\" content=\"Exilarte\" \/>\n<meta property=\"article:modified_time\" content=\"2025-03-12T10:53:24+00:00\" \/>\n<meta property=\"og:image\" content=\"https:\/\/exilarte.org\/wp-content\/uploads\/2025\/03\/Bildschirmfoto-2025-03-12-um-11.50.37-1280x1993.png\" \/>\n<meta name=\"twitter:card\" content=\"summary_large_image\" \/>\n<meta name=\"twitter:label1\" content=\"Est. reading time\" \/>\n\t<meta name=\"twitter:data1\" content=\"2 minutes\" \/>\n<script type=\"application\/ld+json\" class=\"yoast-schema-graph\">{\"@context\":\"https:\/\/schema.org\",\"@graph\":[{\"@type\":\"Organization\",\"@id\":\"https:\/\/exilarte.org\/en#organization\",\"name\":\"Exilarte - Zentrum f\u00fcr verfolgte Musik\",\"url\":\"https:\/\/exilarte.org\/en\",\"sameAs\":[],\"logo\":{\"@type\":\"ImageObject\",\"@id\":\"https:\/\/exilarte.org\/en#logo\",\"inLanguage\":\"en-US\",\"url\":\"https:\/\/i1.wp.com\/exilarte.org\/wp-content\/uploads\/2021\/03\/exilarte_logo_2021_de.png?fit=574%2C574&ssl=1\",\"contentUrl\":\"https:\/\/i1.wp.com\/exilarte.org\/wp-content\/uploads\/2021\/03\/exilarte_logo_2021_de.png?fit=574%2C574&ssl=1\",\"width\":574,\"height\":574,\"caption\":\"Exilarte - Zentrum f\u00fcr verfolgte Musik\"},\"image\":{\"@id\":\"https:\/\/exilarte.org\/en#logo\"}},{\"@type\":\"WebSite\",\"@id\":\"https:\/\/exilarte.org\/en#website\",\"url\":\"https:\/\/exilarte.org\/en\",\"name\":\"Exilarte\",\"description\":\"Zentrum f\u00fcr verfolgte Musik\",\"publisher\":{\"@id\":\"https:\/\/exilarte.org\/en#organization\"},\"potentialAction\":[{\"@type\":\"SearchAction\",\"target\":{\"@type\":\"EntryPoint\",\"urlTemplate\":\"https:\/\/exilarte.org\/en?s={search_term_string}\"},\"query-input\":\"required name=search_term_string\"}],\"inLanguage\":\"en-US\"},{\"@type\":\"ImageObject\",\"@id\":\"https:\/\/exilarte.org\/en\/nachlaesse\/edouard-rosario-van-cleeff#primaryimage\",\"inLanguage\":\"en-US\",\"url\":\"https:\/\/i0.wp.com\/exilarte.org\/wp-content\/uploads\/2025\/03\/Bildschirmfoto-2025-03-12-um-11.50.37.png?fit=1462%2C2276&ssl=1\",\"contentUrl\":\"https:\/\/i0.wp.com\/exilarte.org\/wp-content\/uploads\/2025\/03\/Bildschirmfoto-2025-03-12-um-11.50.37.png?fit=1462%2C2276&ssl=1\",\"width\":1462,\"height\":2276},{\"@type\":\"WebPage\",\"@id\":\"https:\/\/exilarte.org\/en\/nachlaesse\/edouard-rosario-van-cleeff#webpage\",\"url\":\"https:\/\/exilarte.org\/en\/nachlaesse\/edouard-rosario-van-cleeff\",\"name\":\"\u00c9douard Rosario Van Cleeff - Exilarte\",\"isPartOf\":{\"@id\":\"https:\/\/exilarte.org\/en#website\"},\"primaryImageOfPage\":{\"@id\":\"https:\/\/exilarte.org\/en\/nachlaesse\/edouard-rosario-van-cleeff#primaryimage\"},\"datePublished\":\"2024-10-01T18:24:33+00:00\",\"dateModified\":\"2025-03-12T10:53:24+00:00\",\"breadcrumb\":{\"@id\":\"https:\/\/exilarte.org\/en\/nachlaesse\/edouard-rosario-van-cleeff#breadcrumb\"},\"inLanguage\":\"en-US\",\"potentialAction\":[{\"@type\":\"ReadAction\",\"target\":[\"https:\/\/exilarte.org\/en\/nachlaesse\/edouard-rosario-van-cleeff\"]}]},{\"@type\":\"BreadcrumbList\",\"@id\":\"https:\/\/exilarte.org\/en\/nachlaesse\/edouard-rosario-van-cleeff#breadcrumb\",\"itemListElement\":[{\"@type\":\"ListItem\",\"position\":1,\"name\":\"Startseite\",\"item\":\"https:\/\/exilarte.org\/en\"},{\"@type\":\"ListItem\",\"position\":2,\"name\":\"Estates\",\"item\":\"https:\/\/exilarte.org\/en\/nachlaesse\"},{\"@type\":\"ListItem\",\"position\":3,\"name\":\"\u00c9douard Rosario Van Cleeff\"}]}]}<\/script>\n<!-- \/ Yoast SEO plugin. -->","yoast_head_json":{"title":"\u00c9douard Rosario Van Cleeff - Exilarte","robots":{"index":"index","follow":"follow","max-snippet":"max-snippet:-1","max-image-preview":"max-image-preview:large","max-video-preview":"max-video-preview:-1"},"canonical":"https:\/\/exilarte.org\/en\/nachlaesse\/edouard-rosario-van-cleeff","og_locale":"en_US","og_type":"article","og_title":"\u00c9douard Rosario Van Cleeff - Exilarte","og_description":"1889, Paris \u2013 1961, Nizza Trotz seiner Karriere, die Auff\u00fchrungen und die Rundfunk-\u00dcbertragung seiner Oper \u201ePancho\u201c in Nizza umfasste, gibt es bisher nur wenig biografische Information \u00fcber Edouard van Cleeff. Er studierte Harmonielehre bei \u00c9mile Schwartz und Komposition bei Charles-Marie Widor und Alfred Casella. Seine Mutter war Britin j\u00fcdischer Abstammung, sein Vater geh\u00f6rte zur renommierten... Read more &raquo;","og_url":"https:\/\/exilarte.org\/en\/nachlaesse\/edouard-rosario-van-cleeff","og_site_name":"Exilarte","article_modified_time":"2025-03-12T10:53:24+00:00","og_image":[{"url":"https:\/\/exilarte.org\/wp-content\/uploads\/2025\/03\/Bildschirmfoto-2025-03-12-um-11.50.37-1280x1993.png"}],"twitter_card":"summary_large_image","twitter_misc":{"Est. reading time":"2 minutes"},"schema":{"@context":"https:\/\/schema.org","@graph":[{"@type":"Organization","@id":"https:\/\/exilarte.org\/en#organization","name":"Exilarte - Zentrum f\u00fcr verfolgte Musik","url":"https:\/\/exilarte.org\/en","sameAs":[],"logo":{"@type":"ImageObject","@id":"https:\/\/exilarte.org\/en#logo","inLanguage":"en-US","url":"https:\/\/i1.wp.com\/exilarte.org\/wp-content\/uploads\/2021\/03\/exilarte_logo_2021_de.png?fit=574%2C574&ssl=1","contentUrl":"https:\/\/i1.wp.com\/exilarte.org\/wp-content\/uploads\/2021\/03\/exilarte_logo_2021_de.png?fit=574%2C574&ssl=1","width":574,"height":574,"caption":"Exilarte - Zentrum f\u00fcr verfolgte Musik"},"image":{"@id":"https:\/\/exilarte.org\/en#logo"}},{"@type":"WebSite","@id":"https:\/\/exilarte.org\/en#website","url":"https:\/\/exilarte.org\/en","name":"Exilarte","description":"Zentrum f\u00fcr verfolgte Musik","publisher":{"@id":"https:\/\/exilarte.org\/en#organization"},"potentialAction":[{"@type":"SearchAction","target":{"@type":"EntryPoint","urlTemplate":"https:\/\/exilarte.org\/en?s={search_term_string}"},"query-input":"required name=search_term_string"}],"inLanguage":"en-US"},{"@type":"ImageObject","@id":"https:\/\/exilarte.org\/en\/nachlaesse\/edouard-rosario-van-cleeff#primaryimage","inLanguage":"en-US","url":"https:\/\/i0.wp.com\/exilarte.org\/wp-content\/uploads\/2025\/03\/Bildschirmfoto-2025-03-12-um-11.50.37.png?fit=1462%2C2276&ssl=1","contentUrl":"https:\/\/i0.wp.com\/exilarte.org\/wp-content\/uploads\/2025\/03\/Bildschirmfoto-2025-03-12-um-11.50.37.png?fit=1462%2C2276&ssl=1","width":1462,"height":2276},{"@type":"WebPage","@id":"https:\/\/exilarte.org\/en\/nachlaesse\/edouard-rosario-van-cleeff#webpage","url":"https:\/\/exilarte.org\/en\/nachlaesse\/edouard-rosario-van-cleeff","name":"\u00c9douard Rosario Van Cleeff - Exilarte","isPartOf":{"@id":"https:\/\/exilarte.org\/en#website"},"primaryImageOfPage":{"@id":"https:\/\/exilarte.org\/en\/nachlaesse\/edouard-rosario-van-cleeff#primaryimage"},"datePublished":"2024-10-01T18:24:33+00:00","dateModified":"2025-03-12T10:53:24+00:00","breadcrumb":{"@id":"https:\/\/exilarte.org\/en\/nachlaesse\/edouard-rosario-van-cleeff#breadcrumb"},"inLanguage":"en-US","potentialAction":[{"@type":"ReadAction","target":["https:\/\/exilarte.org\/en\/nachlaesse\/edouard-rosario-van-cleeff"]}]},{"@type":"BreadcrumbList","@id":"https:\/\/exilarte.org\/en\/nachlaesse\/edouard-rosario-van-cleeff#breadcrumb","itemListElement":[{"@type":"ListItem","position":1,"name":"Startseite","item":"https:\/\/exilarte.org\/en"},{"@type":"ListItem","position":2,"name":"Estates","item":"https:\/\/exilarte.org\/en\/nachlaesse"},{"@type":"ListItem","position":3,"name":"\u00c9douard Rosario Van Cleeff"}]}]}},"featured_image_src":null,"featured_image_src_square":null,"_links":{"self":[{"href":"https:\/\/exilarte.org\/en\/wp-json\/wp\/v2\/pages\/9602"}],"collection":[{"href":"https:\/\/exilarte.org\/en\/wp-json\/wp\/v2\/pages"}],"about":[{"href":"https:\/\/exilarte.org\/en\/wp-json\/wp\/v2\/types\/page"}],"author":[{"embeddable":true,"href":"https:\/\/exilarte.org\/en\/wp-json\/wp\/v2\/users\/5"}],"replies":[{"embeddable":true,"href":"https:\/\/exilarte.org\/en\/wp-json\/wp\/v2\/comments?post=9602"}],"version-history":[{"count":6,"href":"https:\/\/exilarte.org\/en\/wp-json\/wp\/v2\/pages\/9602\/revisions"}],"predecessor-version":[{"id":10142,"href":"https:\/\/exilarte.org\/en\/wp-json\/wp\/v2\/pages\/9602\/revisions\/10142"}],"up":[{"embeddable":true,"href":"https:\/\/exilarte.org\/en\/wp-json\/wp\/v2\/pages\/600"}],"wp:attachment":[{"href":"https:\/\/exilarte.org\/en\/wp-json\/wp\/v2\/media?parent=9602"}],"curies":[{"name":"wp","href":"https:\/\/api.w.org\/{rel}","templated":true}]}}